{"id":9960,"date":"2022-12-31T11:14:29","date_gmt":"2022-12-31T16:14:29","guid":{"rendered":"https:\/\/reclusesmiss.org\/wp\/?page_id=9960"},"modified":"2022-12-31T11:14:29","modified_gmt":"2022-12-31T16:14:29","slug":"henri-nouwen-lettre-a-un-ami","status":"publish","type":"page","link":"https:\/\/reclusesmiss.org\/wp\/henri-nouwen-lettre-a-un-ami\/","title":{"rendered":"Henri Nouwen &#8211; Lettre \u00e0 un ami"},"content":{"rendered":"\n\n<style>#kt-layout-id_2bcca2-4e > .kt-row-column-wrap{align-content:start;}:where(#kt-layout-id_2bcca2-4e > .kt-row-column-wrap) > .wp-block-kadence-column{justify-content:start;}#kt-layout-id_2bcca2-4e > .kt-row-column-wrap{column-gap:var(--global-kb-gap-lg, 4rem);row-gap:var(--global-kb-gap-md, 2rem);padding-top:var( --global-kb-row-default-top, 25px );padding-bottom:var( --global-kb-row-default-bottom, 25px );padding-top:26px;padding-right:50px;grid-template-columns:minmax(0, 1fr) minmax(0, 2fr);}#kt-layout-id_2bcca2-4e > .kt-row-layout-overlay{opacity:0.30;}@media all and (max-width: 1024px){#kt-layout-id_2bcca2-4e > .kt-row-column-wrap{grid-template-columns:minmax(0, 1fr) minmax(0, 2fr);}}@media all and (max-width: 767px){#kt-layout-id_2bcca2-4e > .kt-row-column-wrap{grid-template-columns:minmax(0, 1fr);}}<\/style>\n<div class=\"wp-block-kadence-rowlayout alignnone\"><div id=\"kt-layout-id_2bcca2-4e\" class=\"kt-row-layout-inner kt-layout-id_2bcca2-4e\"><div class=\"kt-row-column-wrap kt-has-2-columns kt-gutter-wider kt-v-gutter-default kt-row-valign-top kt-row-layout-right-golden kt-tab-layout-inherit kt-m-colapse-left-to-right kt-mobile-layout-row\"><style>.kadence-column_77d2a2-e5 > .kt-inside-inner-col{border-top-width:0px;border-right-width:0px;border-bottom-width:0px;border-left-width:0px;}.kadence-column_77d2a2-e5 > .kt-inside-inner-col,.kadence-column_77d2a2-e5 > .kt-inside-inner-col:before{border-top-left-radius:0px;border-top-right-radius:0px;border-bottom-right-radius:0px;border-bottom-left-radius:0px;}.kadence-column_77d2a2-e5 > .kt-inside-inner-col{column-gap:var(--global-kb-gap-sm, 1rem);}.kadence-column_77d2a2-e5 > .kt-inside-inner-col{flex-direction:column;}.kadence-column_77d2a2-e5 > .kt-inside-inner-col > .aligncenter{width:100%;}.kadence-column_77d2a2-e5 > .kt-inside-inner-col:before{opacity:0.3;}.kadence-column_77d2a2-e5{position:relative;}@media all and (max-width: 1024px){.kadence-column_77d2a2-e5 > .kt-inside-inner-col{flex-direction:column;justify-content:center;}}@media all and (max-width: 767px){.kadence-column_77d2a2-e5 > .kt-inside-inner-col{flex-direction:column;justify-content:center;}}<\/style>\n<div class=\"wp-block-kadence-column inner-column-1 kadence-column_77d2a2-e5\"><div class=\"kt-inside-inner-col\"><div class=\"wp-block-image\">\n<figure class=\"aligncenter size-full\"><a href=\"https:\/\/reclusesmiss.org\/wp\/wp-content\/uploads\/2018\/12\/nouwen_livre1997.jpg\"><img loading=\"lazy\" decoding=\"async\" width=\"265\" height=\"407\" data-attachment-id=\"4715\" data-permalink=\"https:\/\/reclusesmiss.org\/wp\/nouwen_livre1997-2\/\" data-orig-file=\"https:\/\/reclusesmiss.org\/wp\/wp-content\/uploads\/2018\/12\/nouwen_livre1997.jpg\" data-orig-size=\"265,407\" data-comments-opened=\"1\" data-image-meta=\"{&quot;aperture&quot;:&quot;0&quot;,&quot;credit&quot;:&quot;&quot;,&quot;camera&quot;:&quot;&quot;,&quot;caption&quot;:&quot;&quot;,&quot;created_timestamp&quot;:&quot;0&quot;,&quot;copyright&quot;:&quot;&quot;,&quot;focal_length&quot;:&quot;0&quot;,&quot;iso&quot;:&quot;0&quot;,&quot;shutter_speed&quot;:&quot;0&quot;,&quot;title&quot;:&quot;&quot;,&quot;orientation&quot;:&quot;0&quot;}\" data-image-title=\"\" data-image-description=\"\" data-image-caption=\"\" data-large-file=\"https:\/\/reclusesmiss.org\/wp\/wp-content\/uploads\/2018\/12\/nouwen_livre1997.jpg\" src=\"https:\/\/reclusesmiss.org\/wp\/wp-content\/uploads\/2018\/12\/nouwen_livre1997.jpg\" alt=\"\" class=\"wp-image-4715\" srcset=\"https:\/\/reclusesmiss.org\/wp\/wp-content\/uploads\/2018\/12\/nouwen_livre1997.jpg 265w, https:\/\/reclusesmiss.org\/wp\/wp-content\/uploads\/2018\/12\/nouwen_livre1997-195x300.jpg 195w\" sizes=\"auto, (max-width: 265px) 100vw, 265px\" \/><\/a><\/figure>\n<\/div><\/div><\/div>\n\n\n<style>.kadence-column_7a1b85-7e > .kt-inside-inner-col{padding-right:25px;}.kadence-column_7a1b85-7e > .kt-inside-inner-col{border-top-width:0px;border-right-width:0px;border-bottom-width:0px;border-left-width:0px;}.kadence-column_7a1b85-7e > .kt-inside-inner-col,.kadence-column_7a1b85-7e > .kt-inside-inner-col:before{border-top-left-radius:0px;border-top-right-radius:0px;border-bottom-right-radius:0px;border-bottom-left-radius:0px;}.kadence-column_7a1b85-7e > .kt-inside-inner-col{column-gap:var(--global-kb-gap-sm, 1rem);}.kadence-column_7a1b85-7e > .kt-inside-inner-col{flex-direction:column;}.kadence-column_7a1b85-7e > .kt-inside-inner-col > .aligncenter{width:100%;}.kadence-column_7a1b85-7e > .kt-inside-inner-col:before{opacity:0.3;}.kadence-column_7a1b85-7e{position:relative;}@media all and (max-width: 1024px){.kadence-column_7a1b85-7e > .kt-inside-inner-col{flex-direction:column;justify-content:center;}}@media all and (max-width: 767px){.kadence-column_7a1b85-7e > .kt-inside-inner-col{flex-direction:column;justify-content:center;}}<\/style>\n<div class=\"wp-block-kadence-column inner-column-2 kadence-column_7a1b85-7e\"><div class=\"kt-inside-inner-col\">\n<p class=\"has-virtue-primary-color has-text-color has-medium-font-size\">S\u00e9rie de 7 articles sur le livre d\u2019Henri Nouwen \u00ab\u00a0Lettre \u00e0 un ami sur la vie spirituelle\u00a0\u00bb.<\/p>\n\n\n<style>.wp-block-kadence-spacer.kt-block-spacer-_76f689-9d .kt-block-spacer{height:35px;}.wp-block-kadence-spacer.kt-block-spacer-_76f689-9d .kt-divider{border-top-width:1px;height:1px;border-top-color:#444;width:100%;border-top-style:solid;}<\/style>\n<div class=\"wp-block-kadence-spacer aligncenter kt-block-spacer-_76f689-9d\"><div class=\"kt-block-spacer kt-block-spacer-halign-center\"><hr class=\"kt-divider\"\/><\/div><\/div>\n\n\n\n<h2 class=\"wp-block-heading\"><strong>Devenir Bien-Aim\u00e9<\/strong><\/h2>\n\n\n\n<p style=\"font-size:18px\">Se savoir bien-aim\u00e9 et le croire vraiment nous permet de devenir le bien-aim\u00e9 et Henri Nouwen nous dit que c\u2019est le plus grand voyage \u2026\u00a0<a href=\"https:\/\/reclusesmiss.org\/wp\/devenir-bien-aime\/\">Lire la suite\u00ad\u00ad<\/a><\/p>\n\n\n<style>.wp-block-kadence-spacer.kt-block-spacer-_926a11-a7 .kt-block-spacer{height:35px;}.wp-block-kadence-spacer.kt-block-spacer-_926a11-a7 .kt-divider{border-top-width:1px;height:1px;border-top-color:#fff;width:80%;border-top-style:solid;}<\/style>\n<div class=\"wp-block-kadence-spacer aligncenter kt-block-spacer-_926a11-a7\"><div class=\"kt-block-spacer kt-block-spacer-halign-center\"><hr class=\"kt-divider\"\/><\/div><\/div>\n\n\n\n<h2 class=\"wp-block-heading\"><strong>\u00catre pris<\/strong><\/h2>\n\n\n\n<p style=\"font-size:18px\">Premier mot cl\u00e9: \u00caTRE PRIS. \u00catre pris ou \u00eatre choisi est \u00e0 la base de notre \u00e9tat de bien-aim\u00e9. C\u2019est tout ce dont nous parle Henri Nouwen dans son livre \u2026\u00a0<a href=\"https:\/\/reclusesmiss.org\/wp\/etre-pris\/\">Lire la suite\u00ad\u00ad<\/a><\/p>\n<\/div><\/div>\n<\/div><\/div><\/div>\n\n\n<style>#kt-layout-id_876d85-04 > .kt-row-column-wrap{align-content:start;}:where(#kt-layout-id_876d85-04 > .kt-row-column-wrap) > .wp-block-kadence-column{justify-content:start;}#kt-layout-id_876d85-04 > .kt-row-column-wrap{column-gap:var(--global-kb-gap-lg, 4rem);row-gap:var(--global-kb-gap-md, 2rem);padding-top:var( --global-kb-row-default-top, 25px );padding-bottom:var( --global-kb-row-default-bottom, 25px );padding-left:35px;padding-right:35px;grid-template-columns:repeat(2, minmax(0, 1fr));}#kt-layout-id_876d85-04 > .kt-row-layout-overlay{opacity:0.30;}@media all and (max-width: 1024px){#kt-layout-id_876d85-04 > .kt-row-column-wrap{grid-template-columns:repeat(2, minmax(0, 1fr));}}@media all and (max-width: 767px){#kt-layout-id_876d85-04 > .kt-row-column-wrap{grid-template-columns:minmax(0, 1fr);}}<\/style>\n<div class=\"wp-block-kadence-rowlayout alignnone\"><div id=\"kt-layout-id_876d85-04\" class=\"kt-row-layout-inner kt-layout-id_876d85-04\"><div class=\"kt-row-column-wrap kt-has-2-columns kt-gutter-wider kt-v-gutter-default kt-row-valign-top kt-row-layout-equal kt-tab-layout-inherit kt-m-colapse-left-to-right kt-mobile-layout-row\"><style>.kadence-column_fb0c48-de > .kt-inside-inner-col{border-top-width:0px;border-right-width:0px;border-bottom-width:0px;border-left-width:0px;}.kadence-column_fb0c48-de > .kt-inside-inner-col,.kadence-column_fb0c48-de > .kt-inside-inner-col:before{border-top-left-radius:0px;border-top-right-radius:0px;border-bottom-right-radius:0px;border-bottom-left-radius:0px;}.kadence-column_fb0c48-de > .kt-inside-inner-col{column-gap:var(--global-kb-gap-sm, 1rem);}.kadence-column_fb0c48-de > .kt-inside-inner-col{flex-direction:column;}.kadence-column_fb0c48-de > .kt-inside-inner-col > .aligncenter{width:100%;}.kadence-column_fb0c48-de > .kt-inside-inner-col:before{opacity:0.3;}.kadence-column_fb0c48-de{position:relative;}@media all and (max-width: 1024px){.kadence-column_fb0c48-de > .kt-inside-inner-col{flex-direction:column;justify-content:center;}}@media all and (max-width: 767px){.kadence-column_fb0c48-de > .kt-inside-inner-col{flex-direction:column;justify-content:center;}}<\/style>\n<div class=\"wp-block-kadence-column inner-column-1 kadence-column_fb0c48-de\"><div class=\"kt-inside-inner-col\">\n<h2 class=\"wp-block-heading\"><strong>\u00catre bris\u00e9<\/strong><\/h2>\n\n\n\n<p style=\"font-size:18px\">Troisi\u00e8me mot cl\u00e9: \u00catre bris\u00e9. L\u2019exp\u00e9rience de notre brisure est toujours hautement personnelle, intime, unique, nous dit Henri Nouwen dans son livre Lettre \u00e0 un ami \u2026\u00a0<a href=\"https:\/\/reclusesmiss.org\/wp\/etre-brise\/\">Lire la suite\u00ad\u00ad<\/a><\/p>\n\n\n<style>.wp-block-kadence-spacer.kt-block-spacer-_e26d3e-16 .kt-block-spacer{height:30px;}.wp-block-kadence-spacer.kt-block-spacer-_e26d3e-16 .kt-divider{border-top-width:1px;height:1px;border-top-color:#fff;width:80%;border-top-style:solid;}<\/style>\n<div class=\"wp-block-kadence-spacer aligncenter kt-block-spacer-_e26d3e-16\"><div class=\"kt-block-spacer kt-block-spacer-halign-center\"><hr class=\"kt-divider\"\/><\/div><\/div>\n\n\n\n<h2 class=\"wp-block-heading\"><strong>Comme un pain rompu<\/strong><\/h2>\n\n\n\n<p style=\"font-size:18px\">M\u00e9ditation compl\u00e9mentaire sur le troisi\u00e8me mot cl\u00e9 \u00ab\u00a0bris\u00e9\u00a0\u00bb par Pierre Van Breemen. Certains jours, \u00e0 l\u2019adoration, tu auras l\u2019impression d\u2019\u00eatre comme un\u00a0pain rompu. Le temps viendra o\u00f9 tu auras l\u2019impression que ta pri\u00e8re n\u2019est pas entendue; \u2026\u00a0<a href=\"https:\/\/reclusesmiss.org\/wp\/comme-un-pain-rompu\/\">Lire la suite\u00ad\u00ad<\/a><\/p>\n<\/div><\/div>\n\n\n<style>.kadence-column_9f10c8-f3 > .kt-inside-inner-col{border-top-width:0px;border-right-width:0px;border-bottom-width:0px;border-left-width:0px;}.kadence-column_9f10c8-f3 > .kt-inside-inner-col,.kadence-column_9f10c8-f3 > .kt-inside-inner-col:before{border-top-left-radius:0px;border-top-right-radius:0px;border-bottom-right-radius:0px;border-bottom-left-radius:0px;}.kadence-column_9f10c8-f3 > .kt-inside-inner-col{column-gap:var(--global-kb-gap-sm, 1rem);}.kadence-column_9f10c8-f3 > .kt-inside-inner-col{flex-direction:column;}.kadence-column_9f10c8-f3 > .kt-inside-inner-col > .aligncenter{width:100%;}.kadence-column_9f10c8-f3 > .kt-inside-inner-col:before{opacity:0.3;}.kadence-column_9f10c8-f3{position:relative;}@media all and (max-width: 1024px){.kadence-column_9f10c8-f3 > .kt-inside-inner-col{flex-direction:column;justify-content:center;}}@media all and (max-width: 767px){.kadence-column_9f10c8-f3 > .kt-inside-inner-col{flex-direction:column;justify-content:center;}}<\/style>\n<div class=\"wp-block-kadence-column inner-column-2 kadence-column_9f10c8-f3\"><div class=\"kt-inside-inner-col\">\n<h2 class=\"wp-block-heading\"><strong>\u00catre donn\u00e9<\/strong><\/h2>\n\n\n\n<p style=\"font-size:18px\">Quatri\u00e8me mot cl\u00e9: \u00catre donn\u00e9 Dans la Lettre \u00e0 un ami sur la vie spirituelle, nous avons approfondi la signification d\u2019\u00eatre choisi, b\u00e9ni et bris\u00e9 selon \u2026\u00a0<a href=\"https:\/\/reclusesmiss.org\/wp\/etre-donne\/\">Lire la suite\u00ad\u00ad<\/a><\/p>\n\n\n<style>.wp-block-kadence-spacer.kt-block-spacer-_a03684-24 .kt-block-spacer{height:30px;}.wp-block-kadence-spacer.kt-block-spacer-_a03684-24 .kt-divider{border-top-width:1px;height:1px;border-top-color:#fff;width:80%;border-top-style:solid;}<\/style>\n<div class=\"wp-block-kadence-spacer aligncenter kt-block-spacer-_a03684-24\"><div class=\"kt-block-spacer kt-block-spacer-halign-center\"><hr class=\"kt-divider\"\/><\/div><\/div>\n\n\n\n<h2 class=\"wp-block-heading\"><strong>Vivre en bien-aim\u00e9<\/strong><\/h2>\n\n\n\n<p style=\"font-size:18px\">Nous en sommes au dernier chapitre du livre Lettre \u00e0 un ami sur la vie spirituelle de Henri Nouwen. Tout au long de ce livre, nous \u2026\u00a0<a href=\"https:\/\/reclusesmiss.org\/wp\/vivre-en-bien-aime\/\">Lire la suite\u00ad\u00ad<\/a><\/p>\n<\/div><\/div>\n<\/div><\/div><\/div>\n\n\n<style>.wp-block-kadence-spacer.kt-block-spacer-_afc351-f2 .kt-block-spacer{height:60px;}.wp-block-kadence-spacer.kt-block-spacer-_afc351-f2 .kt-divider{border-top-width:1px;height:1px;border-top-color:#fff;width:80%;border-top-style:solid;}<\/style>\n<div class=\"wp-block-kadence-spacer aligncenter kt-block-spacer-_afc351-f2\"><div class=\"kt-block-spacer kt-block-spacer-halign-center\"><hr class=\"kt-divider\"\/><\/div><\/div>\n","protected":false},"excerpt":{"rendered":"<p>S\u00e9rie de 7 articles sur le livre d\u2019Henri Nouwen \u00ab\u00a0Lettre \u00e0 un ami sur la vie spirituelle\u00a0\u00bb. Devenir Bien-Aim\u00e9 Se savoir bien-aim\u00e9 et le croire vraiment nous permet de devenir le bien-aim\u00e9 et Henri Nouwen nous dit que c\u2019est le &hellip; <a href=\"https:\/\/reclusesmiss.org\/wp\/henri-nouwen-lettre-a-un-ami\/\">Lire la suite\u00ad\u00ad<\/a><\/p>\n","protected":false},"author":2,"featured_media":0,"parent":0,"menu_order":0,"comment_status":"closed","ping_status":"closed","template":"","meta":{"kt_blocks_editor_width":"","_exactmetrics_skip_tracking":false,"_exactmetrics_sitenote_active":false,"_exactmetrics_sitenote_note":"","_exactmetrics_sitenote_category":0,"jetpack_post_was_ever_published":false,"footnotes":""},"class_list":["post-9960","page","type-page","status-publish","hentry"],"yoast_head":"<!-- This site is optimized with the Yoast SEO plugin v27.3 - https:\/\/yoast.com\/product\/yoast-seo-wordpress\/ -->\n<title>Henri Nouwen - Lettre \u00e0 un ami - Les Recluses Missionnaires<\/title>\n<meta name=\"description\" content=\"S\u00e9rie de 7 articles sur le livre d\u2019Henri Nouwen \u00ab\u00a0Lettre \u00e0 un ami sur la vie spirituelle\u00a0\u00bb. Devenir Bien-aim\u00e9 \/ \u00catre pris \/ \u00catre b\u00e9ni ...\" \/>\n<meta name=\"robots\" content=\"index, follow, max-snippet:-1, max-image-preview:large, max-video-preview:-1\" \/>\n<link rel=\"canonical\" href=\"https:\/\/reclusesmiss.org\/wp\/henri-nouwen-lettre-a-un-ami\/\" \/>\n<meta property=\"og:locale\" content=\"fr_FR\" \/>\n<meta property=\"og:type\" content=\"article\" \/>\n<meta property=\"og:title\" content=\"Henri Nouwen - Lettre \u00e0 un ami - Les Recluses Missionnaires\" \/>\n<meta property=\"og:description\" content=\"S\u00e9rie de 7 articles sur le livre d\u2019Henri Nouwen \u00ab\u00a0Lettre \u00e0 un ami sur la vie spirituelle\u00a0\u00bb. Devenir Bien-aim\u00e9 \/ \u00catre pris \/ \u00catre b\u00e9ni ...\" \/>\n<meta property=\"og:url\" content=\"https:\/\/reclusesmiss.org\/wp\/henri-nouwen-lettre-a-un-ami\/\" \/>\n<meta property=\"og:site_name\" content=\"Les Recluses Missionnaires\" \/>\n<meta property=\"og:image\" content=\"https:\/\/reclusesmiss.org\/wp\/wp-content\/uploads\/2018\/12\/nouwen_livre1997.jpg\" \/>\n<meta name=\"twitter:card\" content=\"summary_large_image\" \/>\n<meta name=\"twitter:label1\" content=\"Dur\u00e9e de lecture estim\u00e9e\" \/>\n\t<meta name=\"twitter:data1\" content=\"2 minutes\" \/>\n<script type=\"application\/ld+json\" class=\"yoast-schema-graph\">{\"@context\":\"https:\\\/\\\/schema.org\",\"@graph\":[{\"@type\":\"WebPage\",\"@id\":\"https:\\\/\\\/reclusesmiss.org\\\/wp\\\/henri-nouwen-lettre-a-un-ami\\\/\",\"url\":\"https:\\\/\\\/reclusesmiss.org\\\/wp\\\/henri-nouwen-lettre-a-un-ami\\\/\",\"name\":\"Henri Nouwen - Lettre \u00e0 un ami - Les Recluses Missionnaires\",\"isPartOf\":{\"@id\":\"https:\\\/\\\/reclusesmiss.org\\\/wp\\\/#website\"},\"primaryImageOfPage\":{\"@id\":\"https:\\\/\\\/reclusesmiss.org\\\/wp\\\/henri-nouwen-lettre-a-un-ami\\\/#primaryimage\"},\"image\":{\"@id\":\"https:\\\/\\\/reclusesmiss.org\\\/wp\\\/henri-nouwen-lettre-a-un-ami\\\/#primaryimage\"},\"thumbnailUrl\":\"https:\\\/\\\/reclusesmiss.org\\\/wp\\\/wp-content\\\/uploads\\\/2018\\\/12\\\/nouwen_livre1997.jpg\",\"datePublished\":\"2022-12-31T16:14:29+00:00\",\"description\":\"S\u00e9rie de 7 articles sur le livre d\u2019Henri Nouwen \u00ab\u00a0Lettre \u00e0 un ami sur la vie spirituelle\u00a0\u00bb. Devenir Bien-aim\u00e9 \\\/ \u00catre pris \\\/ \u00catre b\u00e9ni ...\",\"breadcrumb\":{\"@id\":\"https:\\\/\\\/reclusesmiss.org\\\/wp\\\/henri-nouwen-lettre-a-un-ami\\\/#breadcrumb\"},\"inLanguage\":\"fr-FR\",\"potentialAction\":[{\"@type\":\"ReadAction\",\"target\":[\"https:\\\/\\\/reclusesmiss.org\\\/wp\\\/henri-nouwen-lettre-a-un-ami\\\/\"]}]},{\"@type\":\"ImageObject\",\"inLanguage\":\"fr-FR\",\"@id\":\"https:\\\/\\\/reclusesmiss.org\\\/wp\\\/henri-nouwen-lettre-a-un-ami\\\/#primaryimage\",\"url\":\"https:\\\/\\\/reclusesmiss.org\\\/wp\\\/wp-content\\\/uploads\\\/2018\\\/12\\\/nouwen_livre1997.jpg\",\"contentUrl\":\"https:\\\/\\\/reclusesmiss.org\\\/wp\\\/wp-content\\\/uploads\\\/2018\\\/12\\\/nouwen_livre1997.jpg\",\"width\":265,\"height\":407},{\"@type\":\"BreadcrumbList\",\"@id\":\"https:\\\/\\\/reclusesmiss.org\\\/wp\\\/henri-nouwen-lettre-a-un-ami\\\/#breadcrumb\",\"itemListElement\":[{\"@type\":\"ListItem\",\"position\":1,\"name\":\"Accueil\",\"item\":\"https:\\\/\\\/reclusesmiss.org\\\/wp\\\/\"},{\"@type\":\"ListItem\",\"position\":2,\"name\":\"Henri Nouwen &#8211; Lettre \u00e0 un ami\"}]},{\"@type\":\"WebSite\",\"@id\":\"https:\\\/\\\/reclusesmiss.org\\\/wp\\\/#website\",\"url\":\"https:\\\/\\\/reclusesmiss.org\\\/wp\\\/\",\"name\":\"Les Recluses Missionnaires\",\"description\":\"Communaut\u00e9 contemplative canadienne\",\"publisher\":{\"@id\":\"https:\\\/\\\/reclusesmiss.org\\\/wp\\\/#organization\"},\"potentialAction\":[{\"@type\":\"SearchAction\",\"target\":{\"@type\":\"EntryPoint\",\"urlTemplate\":\"https:\\\/\\\/reclusesmiss.org\\\/wp\\\/?s={search_term_string}\"},\"query-input\":{\"@type\":\"PropertyValueSpecification\",\"valueRequired\":true,\"valueName\":\"search_term_string\"}}],\"inLanguage\":\"fr-FR\"},{\"@type\":\"Organization\",\"@id\":\"https:\\\/\\\/reclusesmiss.org\\\/wp\\\/#organization\",\"name\":\"Les Recluses Missionnaires\",\"url\":\"https:\\\/\\\/reclusesmiss.org\\\/wp\\\/\",\"logo\":{\"@type\":\"ImageObject\",\"inLanguage\":\"fr-FR\",\"@id\":\"https:\\\/\\\/reclusesmiss.org\\\/wp\\\/#\\\/schema\\\/logo\\\/image\\\/\",\"url\":\"https:\\\/\\\/reclusesmiss.org\\\/wp\\\/wp-content\\\/uploads\\\/2019\\\/08\\\/logo_bleu_rm.jpg\",\"contentUrl\":\"https:\\\/\\\/reclusesmiss.org\\\/wp\\\/wp-content\\\/uploads\\\/2019\\\/08\\\/logo_bleu_rm.jpg\",\"width\":200,\"height\":94,\"caption\":\"Les Recluses Missionnaires\"},\"image\":{\"@id\":\"https:\\\/\\\/reclusesmiss.org\\\/wp\\\/#\\\/schema\\\/logo\\\/image\\\/\"}}]}<\/script>\n<!-- \/ Yoast SEO plugin. -->","yoast_head_json":{"title":"Henri Nouwen - Lettre \u00e0 un ami - Les Recluses Missionnaires","description":"S\u00e9rie de 7 articles sur le livre d\u2019Henri Nouwen \u00ab\u00a0Lettre \u00e0 un ami sur la vie spirituelle\u00a0\u00bb. Devenir Bien-aim\u00e9 \/ \u00catre pris \/ \u00catre b\u00e9ni ...","robots":{"index":"index","follow":"follow","max-snippet":"max-snippet:-1","max-image-preview":"max-image-preview:large","max-video-preview":"max-video-preview:-1"},"canonical":"https:\/\/reclusesmiss.org\/wp\/henri-nouwen-lettre-a-un-ami\/","og_locale":"fr_FR","og_type":"article","og_title":"Henri Nouwen - Lettre \u00e0 un ami - Les Recluses Missionnaires","og_description":"S\u00e9rie de 7 articles sur le livre d\u2019Henri Nouwen \u00ab\u00a0Lettre \u00e0 un ami sur la vie spirituelle\u00a0\u00bb. Devenir Bien-aim\u00e9 \/ \u00catre pris \/ \u00catre b\u00e9ni ...","og_url":"https:\/\/reclusesmiss.org\/wp\/henri-nouwen-lettre-a-un-ami\/","og_site_name":"Les Recluses Missionnaires","og_image":[{"url":"https:\/\/reclusesmiss.org\/wp\/wp-content\/uploads\/2018\/12\/nouwen_livre1997.jpg","type":"","width":"","height":""}],"twitter_card":"summary_large_image","twitter_misc":{"Dur\u00e9e de lecture estim\u00e9e":"2 minutes"},"schema":{"@context":"https:\/\/schema.org","@graph":[{"@type":"WebPage","@id":"https:\/\/reclusesmiss.org\/wp\/henri-nouwen-lettre-a-un-ami\/","url":"https:\/\/reclusesmiss.org\/wp\/henri-nouwen-lettre-a-un-ami\/","name":"Henri Nouwen - Lettre \u00e0 un ami - Les Recluses Missionnaires","isPartOf":{"@id":"https:\/\/reclusesmiss.org\/wp\/#website"},"primaryImageOfPage":{"@id":"https:\/\/reclusesmiss.org\/wp\/henri-nouwen-lettre-a-un-ami\/#primaryimage"},"image":{"@id":"https:\/\/reclusesmiss.org\/wp\/henri-nouwen-lettre-a-un-ami\/#primaryimage"},"thumbnailUrl":"https:\/\/reclusesmiss.org\/wp\/wp-content\/uploads\/2018\/12\/nouwen_livre1997.jpg","datePublished":"2022-12-31T16:14:29+00:00","description":"S\u00e9rie de 7 articles sur le livre d\u2019Henri Nouwen \u00ab\u00a0Lettre \u00e0 un ami sur la vie spirituelle\u00a0\u00bb. Devenir Bien-aim\u00e9 \/ \u00catre pris \/ \u00catre b\u00e9ni ...","breadcrumb":{"@id":"https:\/\/reclusesmiss.org\/wp\/henri-nouwen-lettre-a-un-ami\/#breadcrumb"},"inLanguage":"fr-FR","potentialAction":[{"@type":"ReadAction","target":["https:\/\/reclusesmiss.org\/wp\/henri-nouwen-lettre-a-un-ami\/"]}]},{"@type":"ImageObject","inLanguage":"fr-FR","@id":"https:\/\/reclusesmiss.org\/wp\/henri-nouwen-lettre-a-un-ami\/#primaryimage","url":"https:\/\/reclusesmiss.org\/wp\/wp-content\/uploads\/2018\/12\/nouwen_livre1997.jpg","contentUrl":"https:\/\/reclusesmiss.org\/wp\/wp-content\/uploads\/2018\/12\/nouwen_livre1997.jpg","width":265,"height":407},{"@type":"BreadcrumbList","@id":"https:\/\/reclusesmiss.org\/wp\/henri-nouwen-lettre-a-un-ami\/#breadcrumb","itemListElement":[{"@type":"ListItem","position":1,"name":"Accueil","item":"https:\/\/reclusesmiss.org\/wp\/"},{"@type":"ListItem","position":2,"name":"Henri Nouwen &#8211; Lettre \u00e0 un ami"}]},{"@type":"WebSite","@id":"https:\/\/reclusesmiss.org\/wp\/#website","url":"https:\/\/reclusesmiss.org\/wp\/","name":"Les Recluses Missionnaires","description":"Communaut\u00e9 contemplative canadienne","publisher":{"@id":"https:\/\/reclusesmiss.org\/wp\/#organization"},"potentialAction":[{"@type":"SearchAction","target":{"@type":"EntryPoint","urlTemplate":"https:\/\/reclusesmiss.org\/wp\/?s={search_term_string}"},"query-input":{"@type":"PropertyValueSpecification","valueRequired":true,"valueName":"search_term_string"}}],"inLanguage":"fr-FR"},{"@type":"Organization","@id":"https:\/\/reclusesmiss.org\/wp\/#organization","name":"Les Recluses Missionnaires","url":"https:\/\/reclusesmiss.org\/wp\/","logo":{"@type":"ImageObject","inLanguage":"fr-FR","@id":"https:\/\/reclusesmiss.org\/wp\/#\/schema\/logo\/image\/","url":"https:\/\/reclusesmiss.org\/wp\/wp-content\/uploads\/2019\/08\/logo_bleu_rm.jpg","contentUrl":"https:\/\/reclusesmiss.org\/wp\/wp-content\/uploads\/2019\/08\/logo_bleu_rm.jpg","width":200,"height":94,"caption":"Les Recluses Missionnaires"},"image":{"@id":"https:\/\/reclusesmiss.org\/wp\/#\/schema\/logo\/image\/"}}]}},"jetpack_sharing_enabled":true,"_links":{"self":[{"href":"https:\/\/reclusesmiss.org\/wp\/wp-json\/wp\/v2\/pages\/9960","targetHints":{"allow":["GET"]}}],"collection":[{"href":"https:\/\/reclusesmiss.org\/wp\/wp-json\/wp\/v2\/pages"}],"about":[{"href":"https:\/\/reclusesmiss.org\/wp\/wp-json\/wp\/v2\/types\/page"}],"author":[{"embeddable":true,"href":"https:\/\/reclusesmiss.org\/wp\/wp-json\/wp\/v2\/users\/2"}],"replies":[{"embeddable":true,"href":"https:\/\/reclusesmiss.org\/wp\/wp-json\/wp\/v2\/comments?post=9960"}],"version-history":[{"count":8,"href":"https:\/\/reclusesmiss.org\/wp\/wp-json\/wp\/v2\/pages\/9960\/revisions"}],"predecessor-version":[{"id":9968,"href":"https:\/\/reclusesmiss.org\/wp\/wp-json\/wp\/v2\/pages\/9960\/revisions\/9968"}],"wp:attachment":[{"href":"https:\/\/reclusesmiss.org\/wp\/wp-json\/wp\/v2\/media?parent=9960"}],"curies":[{"name":"wp","href":"https:\/\/api.w.org\/{rel}","templated":true}]}}